{"id":27415,"date":"2024-11-19T11:17:49","date_gmt":"2024-11-19T09:17:49","guid":{"rendered":"https:\/\/2025.inmedis.ro\/?page_id=27415"},"modified":"2025-02-21T14:57:17","modified_gmt":"2025-02-21T12:57:17","slug":"informatii-generale","status":"publish","type":"page","link":"https:\/\/2025.inmedis.ro\/en\/informatii-generale\/","title":{"rendered":"General Information"},"content":{"rendered":"<p>[et_pb_section fb_built=&#8221;1&#8243; disabled_on=&#8221;off|off|off&#8221; _builder_version=&#8221;4.19.2&#8243; background_enable_color=&#8221;off&#8221; custom_margin=&#8221;0px||0px||false|false&#8221; custom_margin_tablet=&#8221;0px||0px||false|false&#8221; custom_margin_phone=&#8221;0px||0px||false|false&#8221; custom_margin_last_edited=&#8221;on|phone&#8221; custom_padding=&#8221;0px||0px||false|false&#8221; border_radii=&#8221;off||||&#8221; border_color_all=&#8221;#c9c9c9&#8243; border_width_top=&#8221;1px&#8221; border_color_top=&#8221;#e5e5e5&#8243; border_width_bottom=&#8221;1px&#8221; global_colors_info=&#8221;{}&#8221;][et_pb_row custom_padding_last_edited=&#8221;on|desktop&#8221; _builder_version=&#8221;4.19.2&#8243; _module_preset=&#8221;default&#8221; background_enable_color=&#8221;off&#8221; width=&#8221;100%&#8221; max_width=&#8221;1813px&#8221; module_alignment=&#8221;center&#8221; custom_margin=&#8221;0px||0px||false|false&#8221; custom_margin_tablet=&#8221;||5px||false|false&#8221; custom_margin_phone=&#8221;||5px||false|false&#8221; custom_margin_last_edited=&#8221;on|tablet&#8221; custom_padding=&#8221;0px||0px||false|false&#8221; custom_padding_tablet=&#8221;44px||0px||false|false&#8221; custom_padding_phone=&#8221;5px|15px|0px|15px|false|false&#8221; animation_style=&#8221;fade&#8221; border_radii=&#8221;off||||&#8221; border_width_top=&#8221;1px&#8221; border_color_top=&#8221;#dddddd&#8221; border_width_bottom=&#8221;9px&#8221; border_color_bottom=&#8221;#f4f4f4&#8243; border_width_bottom_tablet=&#8221;9px&#8221; border_width_bottom_phone=&#8221;0px&#8221; border_width_bottom_last_edited=&#8221;on|phone&#8221; global_colors_info=&#8221;{}&#8221;][et_pb_column type=&#8221;4_4&#8243; _builder_version=&#8221;4.16&#8243; _module_preset=&#8221;default&#8221; global_colors_info=&#8221;{}&#8221;][et_pb_image src=&#8221;https:\/\/2025.inmedis.ro\/wp-content\/uploads\/2025\/02\/SYNTHESIS-logo.png&#8221; title_text=&#8221;SYNTHESIS logo&#8221; url=&#8221;http:\/\/2025.inmedis.ro&#8221; _builder_version=&#8221;4.19.2&#8243; _module_preset=&#8221;default&#8221; width=&#8221;20%&#8221; width_tablet=&#8221;20%&#8221; width_phone=&#8221;80%&#8221; width_last_edited=&#8221;on|desktop&#8221; max_width=&#8221;100%&#8221; module_alignment=&#8221;center&#8221; custom_margin=&#8221;||27px||false|false&#8221; custom_padding=&#8221;0px||0px||false|false&#8221; global_colors_info=&#8221;{}&#8221;][\/et_pb_image][et_pb_text _builder_version=&#8221;4.19.2&#8243; _module_preset=&#8221;default&#8221; text_font=&#8221;Arimo||||||||&#8221; text_font_size=&#8221;25px&#8221; header_font_size=&#8221;32px&#8221; header_2_font=&#8221;Raleway|600|||||||&#8221; header_3_font=&#8221;Montserrat|600|||||||&#8221; custom_margin=&#8221;0px||||false|false&#8221; animation_style=&#8221;flip&#8221; animation_direction=&#8221;right&#8221; animation_duration=&#8221;3000ms&#8221; header_font_size_tablet=&#8221;32px&#8221; header_font_size_phone=&#8221;32px&#8221; header_font_size_last_edited=&#8221;on|desktop&#8221; animation_direction_tablet=&#8221;right&#8221; animation_direction_phone=&#8221;top&#8221; animation_direction_last_edited=&#8221;on|phone&#8221; animation_duration_tablet=&#8221;3000ms&#8221; animation_duration_phone=&#8221;2000ms&#8221; animation_duration_last_edited=&#8221;on|phone&#8221; global_colors_info=&#8221;{}&#8221;]<\/p>\n<h1 style=\"text-align: center;\">GENERAL INFO<\/h1>\n<p>[\/et_pb_text][\/et_pb_column][\/et_pb_row][\/et_pb_section][et_pb_section fb_built=&#8221;1&#8243; _builder_version=&#8221;4.19.2&#8243; module_alignment=&#8221;center&#8221; custom_margin_tablet=&#8221;&#8221; custom_margin_phone=&#8221;30px||||false|false&#8221; custom_margin_last_edited=&#8221;on|phone&#8221; custom_padding=&#8221;0px|0px||0px|false|false&#8221; global_colors_info=&#8221;{}&#8221;][et_pb_row custom_padding_last_edited=&#8221;on|phone&#8221; _builder_version=&#8221;4.19.2&#8243; _module_preset=&#8221;default&#8221; width=&#8221;100%&#8221; max_width=&#8221;1496px&#8221; custom_margin=&#8221;|10px||10px|false|false&#8221; custom_padding=&#8221;|10px||10px|false|false&#8221; custom_padding_tablet=&#8221;&#8221; custom_padding_phone=&#8221;0px||||false|false&#8221; global_colors_info=&#8221;{}&#8221;][et_pb_column type=&#8221;4_4&#8243; _builder_version=&#8221;4.19.4&#8243; _module_preset=&#8221;default&#8221; global_colors_info=&#8221;{}&#8221;][et_pb_text _builder_version=&#8221;4.19.2&#8243; _module_preset=&#8221;default&#8221; text_font=&#8221;Raleway||||||||&#8221; text_font_size=&#8221;16px&#8221; header_2_font=&#8221;Raleway||||||||&#8221; header_2_line_height=&#8221;1.3em&#8221; header_3_font=&#8221;Montserrat|600|||||||&#8221; header_3_text_color=&#8221;#456aa6&#8243; max_width_tablet=&#8221;&#8221; max_width_phone=&#8221;&#8221; max_width_last_edited=&#8221;on|phone&#8221; custom_margin=&#8221;||10px||false|false&#8221; custom_padding_tablet=&#8221;|||15px|false|false&#8221; custom_padding_phone=&#8221;|15px||2px|false|false&#8221; custom_padding_last_edited=&#8221;on|phone&#8221; border_color_bottom=&#8221;#ededed&#8221; global_colors_info=&#8221;{}&#8221;]<\/p>\n<h2 class=\"et_pb_module_header et-fb-editable-element et-fb-editable-element__editing\" data-shortcode-id=\"2.0.1.0-1730198494572\" data-quickaccess-id=\"header\" contenteditable=\"true\" style=\"text-align: left;\"><span style=\"color: #520000; font-size: 22px; font-weight: 600;\">EVENT FORMAT AND VENUE<\/span><\/h2>\n<p style=\"text-align: justify;\"><span style=\"color: #000000;\"><strong><b><\/b><\/strong><\/span><\/p>\n<p style=\"text-align: justify;\"><span style=\"color: #000000;\"><strong><b>SYNTHESIS 2025 - National Conference of Internal Medicine<\/b><\/strong><span> will take place between 5 and 7 March 2025 with a physical presence at the University of Medicine and Pharmachy \"Grigore T. Popa\" Ia\u0219i, but also with ONLINE transmission of the works. The platform used for the ONLINE transmission will be ZOOM, and the login data will be sent a few days before the start of the event. Places with physical participation are limited, and their occupancy during the event is based on the \"first come, first served\" principle. No booking of seats with physical participation is possible.<\/span><\/span><\/p>\n<p><span style=\"color: #000000;\"><\/span><\/p>\n<p>[\/et_pb_text][et_pb_divider color=&#8221;#dddddd&#8221; _builder_version=&#8221;4.19.4&#8243; _module_preset=&#8221;default&#8221; custom_margin=&#8221;||0px||false|false&#8221; global_colors_info=&#8221;{}&#8221;][\/et_pb_divider][et_pb_text _builder_version=&#8221;4.19.2&#8243; _module_preset=&#8221;default&#8221; text_font=&#8221;Raleway||||||||&#8221; text_font_size=&#8221;16px&#8221; header_2_font=&#8221;Raleway||||||||&#8221; header_3_font=&#8221;Montserrat|600|||||||&#8221; header_3_text_color=&#8221;#456aa6&#8243; max_width_tablet=&#8221;&#8221; max_width_phone=&#8221;&#8221; max_width_last_edited=&#8221;on|phone&#8221; custom_padding_tablet=&#8221;|||15px|false|false&#8221; custom_padding_phone=&#8221;|15px||2px|false|false&#8221; custom_padding_last_edited=&#8221;on|phone&#8221; border_color_bottom=&#8221;#ededed&#8221; global_colors_info=&#8221;{}&#8221;]<\/p>\n<h2 class=\"et_pb_module_header et-fb-editable-element et-fb-editable-element__editing\" data-shortcode-id=\"2.0.1.0-1730198494572\" data-quickaccess-id=\"header\" contenteditable=\"true\" style=\"text-align: left;\"><span style=\"color: #520000; font-size: 22px; font-weight: 600;\">PARTICIPATION FEES<\/span><\/h2>\n<p style=\"text-align: justify;\"><span style=\"color: #000000;\">Registration is done online on the event website, and participation fees are paid online by bank card to the account of the event operator, SC FOCUS EVENT SRL, RO24361916. For more information, go to the section<\/span>\u00a0<a href=\"\/en\/inmedis.ro\/en\/inregistrare-online\/\">REGISTER.<\/a><\/p>\n<p style=\"text-align: left;\"><strong><\/strong><\/p>\n<p>[\/et_pb_text][et_pb_divider color=&#8221;#dddddd&#8221; _builder_version=&#8221;4.19.4&#8243; _module_preset=&#8221;default&#8221; custom_margin=&#8221;||0px||false|false&#8221; global_colors_info=&#8221;{}&#8221;][\/et_pb_divider][et_pb_text _builder_version=&#8221;4.19.2&#8243; _module_preset=&#8221;default&#8221; text_font=&#8221;Raleway||||||||&#8221; text_font_size=&#8221;16px&#8221; header_2_font=&#8221;Raleway||||||||&#8221; header_3_font=&#8221;Montserrat|600|||||||&#8221; header_3_text_color=&#8221;#456aa6&#8243; max_width_tablet=&#8221;&#8221; max_width_phone=&#8221;&#8221; max_width_last_edited=&#8221;on|phone&#8221; custom_padding_tablet=&#8221;|||15px|false|false&#8221; custom_padding_phone=&#8221;|15px||2px|false|false&#8221; custom_padding_last_edited=&#8221;on|phone&#8221; border_color_bottom=&#8221;#ededed&#8221; global_colors_info=&#8221;{}&#8221;]<\/p>\n<h2 class=\"et_pb_module_header et-fb-editable-element et-fb-editable-element__editing\" data-shortcode-id=\"2.0.1.0-1730198494572\" data-quickaccess-id=\"header\" contenteditable=\"true\" style=\"text-align: left;\"><span style=\"color: #520000; font-size: 22px; font-weight: 600;\">PROFESSIONAL EMC ACCREDITATION<\/span><\/h2>\n<p><span style=\"color: #0c71c3;\"><\/span><\/p>\n<p class=\"_5RYuEA direction-ltr align-justify para-style-title\" style=\"text-align: justify;\"><span style=\"color: #000000;\"><span class=\"SS_gjA\"><strong><b>SYNTHESIS 2025 - National Conference of Internal Medicine<\/b><\/strong> will be accredited <strong>by the Romanian College of Physicians<\/strong><strong>.<\/strong>\u00a0<\/span><span class=\"SS_gjA\">Certificates of participation<\/span>\u00a0<span class=\"SS_gjA\">with EMC credits will be issued after the end of the works based on daily attendance at events and can be generated from the dedicated section of the website\u00a0<a href=\"https:\/\/2025.inmedis.ro\/en\/\"><strong>2025.inmedis.ro<\/strong><\/a><\/span><\/span><\/p>\n<p style=\"text-align: justify;\"><span style=\"color: #000000;\">Participants who do not qualify for certificates with EMC credits but meet the attendance requirement will be able to obtain certificates of participation without EMC credits upon request.<\/span><\/p>\n<p style=\"text-align: justify;\"><span style=\"color: #000000;\">Physiotherapists will receive participation certificates that will require\u00a0<strong><em>\u200eindividual equivalence<\/em><\/strong>\u00a0\u200eat the College of Physiotherapists.<\/span><\/p>\n<p><span><\/span><\/p>\n<p>[\/et_pb_text][et_pb_divider color=&#8221;#dddddd&#8221; _builder_version=&#8221;4.19.4&#8243; _module_preset=&#8221;default&#8221; custom_margin=&#8221;||0px||false|false&#8221; global_colors_info=&#8221;{}&#8221;][\/et_pb_divider][et_pb_text _builder_version=&#8221;4.19.2&#8243; _module_preset=&#8221;default&#8221; text_font=&#8221;Raleway||||||||&#8221; text_font_size=&#8221;16px&#8221; header_2_font=&#8221;Raleway||||||||&#8221; header_3_font=&#8221;Montserrat|600|||||||&#8221; header_3_text_color=&#8221;#456aa6&#8243; max_width_tablet=&#8221;&#8221; max_width_phone=&#8221;&#8221; max_width_last_edited=&#8221;on|phone&#8221; custom_margin=&#8221;||10px||false|false&#8221; custom_padding_tablet=&#8221;|||15px|false|false&#8221; custom_padding_phone=&#8221;|15px||2px|false|false&#8221; custom_padding_last_edited=&#8221;on|phone&#8221; hover_enabled=&#8221;0&#8243; border_color_bottom=&#8221;#ededed&#8221; global_colors_info=&#8221;{}&#8221; sticky_enabled=&#8221;0&#8243;]<\/p>\n<h2 class=\"et_pb_module_header et-fb-editable-element et-fb-editable-element__editing\" data-shortcode-id=\"2.0.1.0-1730198494572\" data-quickaccess-id=\"header\" contenteditable=\"true\" style=\"text-align: left;\"><span style=\"color: #520000; font-size: 22px; font-weight: 600;\">ORGANIZERS<\/span><\/h2>\n<h3><span style=\"font-size: 16px; color: #848484; font-weight: 500;\"><\/span><\/h3>\n<ul>\n<li><span style=\"color: #000000;\">Association \"Critical Patient Medicine\" Ia\u0219i<\/span><\/li>\n<li><span style=\"color: #000000;\">\u201dGrigore T. Popa\u201d University of Medicine and Pharmacy Ia\u0219i<\/span><\/li>\n<li><span style=\"color: #000000;\">The County Emergency Clinical Hospital \u201dSt. Spiridon\u201d Ia\u0219i<\/span><\/li>\n<\/ul>\n<p>[\/et_pb_text][et_pb_divider color=&#8221;#dddddd&#8221; disabled_on=&#8221;on|on|on&#8221; _builder_version=&#8221;4.19.2&#8243; _module_preset=&#8221;default&#8221; custom_margin=&#8221;||0px||false|false&#8221; disabled=&#8221;on&#8221; global_colors_info=&#8221;{}&#8221;][\/et_pb_divider][et_pb_divider color=&#8221;#dddddd&#8221; disabled_on=&#8221;on|on|on&#8221; _builder_version=&#8221;4.19.2&#8243; _module_preset=&#8221;default&#8221; custom_margin=&#8221;||0px||false|false&#8221; disabled=&#8221;on&#8221; global_colors_info=&#8221;{}&#8221;][\/et_pb_divider][\/et_pb_column][\/et_pb_row][\/et_pb_section][et_pb_section fb_built=&#8221;1&#8243; disabled_on=&#8221;off|off|off&#8221; _builder_version=&#8221;4.19.2&#8243; background_color=&#8221;#2b2b2b&#8221; custom_margin=&#8221;||0px||false|false&#8221; custom_padding=&#8221;10px||0px||false|false&#8221; global_module=&#8221;25778&#8243; saved_tabs=&#8221;all&#8221; global_colors_info=&#8221;{}&#8221;][et_pb_row _builder_version=&#8221;4.16&#8243; _module_preset=&#8221;default&#8221; custom_padding=&#8221;0px||0px||false|false&#8221; global_colors_info=&#8221;{}&#8221;][et_pb_column type=&#8221;4_4&#8243; _builder_version=&#8221;4.16&#8243; _module_preset=&#8221;default&#8221; global_colors_info=&#8221;{}&#8221;][et_pb_text _builder_version=&#8221;4.16&#8243; _module_preset=&#8221;default&#8221; custom_margin=&#8221;||0px||false|false&#8221; global_colors_info=&#8221;{}&#8221;]<\/p>\n<p style=\"text-align: center;\"><span style=\"color: #ffffff;\"><strong>PROFESSIONAL CONGRESS ORGANIZER<\/strong><\/span><\/p>\n<p>[\/et_pb_text][et_pb_image src=&#8221;https:\/\/2025.inmedis.ro\/wp-content\/uploads\/2022\/12\/ZSCR-2023-telefon-1-e1668249163180.png&#8221; title_text=&#8221;ZSCR 2023 telefon (1)&#8221; align=&#8221;center&#8221; _builder_version=&#8221;4.16&#8243; _module_preset=&#8221;default&#8221; custom_margin=&#8221;0px||||false|false&#8221; global_colors_info=&#8221;{}&#8221;][\/et_pb_image][\/et_pb_column][\/et_pb_row][et_pb_row column_structure=&#8221;1_4,1_4,1_4,1_4&#8243; _builder_version=&#8221;4.19.2&#8243; _module_preset=&#8221;default&#8221; global_colors_info=&#8221;{}&#8221;][et_pb_column type=&#8221;1_4&#8243; _builder_version=&#8221;4.16&#8243; _module_preset=&#8221;default&#8221; global_colors_info=&#8221;{}&#8221;][et_pb_text _builder_version=&#8221;4.19.2&#8243; _module_preset=&#8221;default&#8221; global_colors_info=&#8221;{}&#8221;]<\/p>\n<p style=\"text-align: center;\"><span style=\"text-decoration: underline;\"><span style=\"color: #ffffff;\"><a href=\"https:\/\/focusevent.ro\/contact\/\" style=\"color: #ffffff; text-decoration: underline;\">\u00a0Contact\u00a0<\/a><\/span><\/span><\/p>\n<p>[\/et_pb_text][\/et_pb_column][et_pb_column type=&#8221;1_4&#8243; _builder_version=&#8221;4.16&#8243; _module_preset=&#8221;default&#8221; global_colors_info=&#8221;{}&#8221;][et_pb_text _builder_version=&#8221;4.19.2&#8243; _module_preset=&#8221;default&#8221; global_colors_info=&#8221;{}&#8221;]<\/p>\n<p style=\"text-align: center;\"><a href=\"https:\/\/2025.inmedis.ro\/en\/termeni-si-conditii\/\"><span style=\"color: #ffffff;\"><u>General Terms<\/u><\/span><\/a><\/p>\n<p>[\/et_pb_text][\/et_pb_column][et_pb_column type=&#8221;1_4&#8243; _builder_version=&#8221;4.16&#8243; _module_preset=&#8221;default&#8221; global_colors_info=&#8221;{}&#8221;][et_pb_text _builder_version=&#8221;4.19.2&#8243; _module_preset=&#8221;default&#8221; global_colors_info=&#8221;{}&#8221;]<\/p>\n<p style=\"text-align: center;\"><a href=\"https:\/\/2025.inmedis.ro\/en\/confidentialitate\/\"><span style=\"color: #ffffff;\"><u>Data Confidentiality<\/u><\/span><\/a><\/p>\n<p>[\/et_pb_text][\/et_pb_column][et_pb_column type=&#8221;1_4&#8243; _builder_version=&#8221;4.16&#8243; _module_preset=&#8221;default&#8221; global_colors_info=&#8221;{}&#8221;][et_pb_text _builder_version=&#8221;4.19.2&#8243; _module_preset=&#8221;default&#8221; global_colors_info=&#8221;{}&#8221;]<\/p>\n<p style=\"text-align: center;\"><span style=\"text-decoration: underline;\"><span style=\"color: #ffffff;\"><a href=\"https:\/\/2025.inmedis.ro\/en\/editii-anterioare\/\" style=\"color: #ffffff; text-decoration: underline;\">Previous Editions<\/a><\/span><\/span><\/p>\n<p>[\/et_pb_text][\/et_pb_column][\/et_pb_row][\/et_pb_section]<\/p>","protected":false},"excerpt":{"rendered":"<p>INFORMA\u0162II GENERALEFORMAT \u0218I LOCA\u021aIE EVENIMENT SYNTHESIS 2025 \u2013 Conferin\u021ba Na\u021bional\u0103 de Medicin\u0103 Intern\u0103 se va desf\u0103\u0219ura \u00een perioada 5 \u2013 7 Mar 2025 cu prezen\u021b\u0103 fizic\u0103 la UMF Ia\u0219i, dar \u0219i cu transmisia ONLINE a lucr\u0103rilor. Platforma folosit\u0103 pentru transmiterea ONLINE va fi ZOOM, iar datele de conectare vor fi transmise cu c\u00e2teva zile \u00eenainte [&hellip;]<\/p>","protected":false},"author":1,"featured_media":0,"parent":0,"menu_order":0,"comment_status":"closed","ping_status":"closed","template":"","meta":{"_et_pb_use_builder":"on","_et_pb_old_content":"","_et_gb_content_width":""},"_links":{"self":[{"href":"https:\/\/2025.inmedis.ro\/en\/wp-json\/wp\/v2\/pages\/27415"}],"collection":[{"href":"https:\/\/2025.inmedis.ro\/en\/wp-json\/wp\/v2\/pages"}],"about":[{"href":"https:\/\/2025.inmedis.ro\/en\/wp-json\/wp\/v2\/types\/page"}],"author":[{"embeddable":true,"href":"https:\/\/2025.inmedis.ro\/en\/wp-json\/wp\/v2\/users\/1"}],"replies":[{"embeddable":true,"href":"https:\/\/2025.inmedis.ro\/en\/wp-json\/wp\/v2\/comments?post=27415"}],"version-history":[{"count":43,"href":"https:\/\/2025.inmedis.ro\/en\/wp-json\/wp\/v2\/pages\/27415\/revisions"}],"predecessor-version":[{"id":28010,"href":"https:\/\/2025.inmedis.ro\/en\/wp-json\/wp\/v2\/pages\/27415\/revisions\/28010"}],"wp:attachment":[{"href":"https:\/\/2025.inmedis.ro\/en\/wp-json\/wp\/v2\/media?parent=27415"}],"curies":[{"name":"wp","href":"https:\/\/api.w.org\/{rel}","templated":true}]}}