{"id":27347,"date":"2024-11-15T15:31:38","date_gmt":"2024-11-15T13:31:38","guid":{"rendered":"https:\/\/2025.inmedis.ro\/?page_id=27347"},"modified":"2024-11-18T10:01:43","modified_gmt":"2024-11-18T08:01:43","slug":"editii-anterioare","status":"publish","type":"page","link":"https:\/\/2025.inmedis.ro\/en\/editii-anterioare\/","title":{"rendered":"Edi\u021bii anterioare"},"content":{"rendered":"<p>[et_pb_section fb_built=&#8221;1&#8243; _builder_version=&#8221;4.19.2&#8243; _module_preset=&#8221;default&#8221; background_enable_color=&#8221;off&#8221; width=&#8221;99.7%&#8221; custom_padding=&#8221;5px||||false|false&#8221; global_colors_info=&#8221;{}&#8221;][et_pb_row _builder_version=&#8221;4.19.2&#8243; _module_preset=&#8221;default&#8221; global_colors_info=&#8221;{}&#8221;][et_pb_column type=&#8221;4_4&#8243; _builder_version=&#8221;4.19.2&#8243; _module_preset=&#8221;default&#8221; global_colors_info=&#8221;{}&#8221;][et_pb_text _builder_version=&#8221;4.19.2&#8243; _module_preset=&#8221;default&#8221; global_colors_info=&#8221;{}&#8221;]<\/p>\n<h1 style=\"text-align: center;\"><strong>EDI\u021aII ANTERIOARE<\/strong><\/h1>\n<p>[\/et_pb_text][\/et_pb_column][\/et_pb_row][et_pb_row column_structure=&#8221;1_3,1_3,1_3&#8243; _builder_version=&#8221;4.19.2&#8243; _module_preset=&#8221;default&#8221; global_colors_info=&#8221;{}&#8221;][et_pb_column type=&#8221;1_3&#8243; _builder_version=&#8221;4.19.2&#8243; _module_preset=&#8221;default&#8221; global_colors_info=&#8221;{}&#8221;][et_pb_image src=&#8221;https:\/\/2025.inmedis.ro\/wp-content\/uploads\/2024\/11\/Slider-INMEDIS-2022.png&#8221; title_text=&#8221;Slider INMEDIS 2022&#8243; url=&#8221;https:\/\/2022.inmedis.ro\/&#8221; _builder_version=&#8221;4.19.2&#8243; _module_preset=&#8221;default&#8221; width=&#8221;90%&#8221; module_alignment=&#8221;center&#8221; global_colors_info=&#8221;{}&#8221;][\/et_pb_image][et_pb_text _builder_version=&#8221;4.19.2&#8243; _module_preset=&#8221;default&#8221; global_colors_info=&#8221;{}&#8221;]<\/p>\n<h2 style=\"text-align: center;\"><strong><\/strong><\/h2>\n<h2 style=\"text-align: center;\"><strong><\/strong><\/h2>\n<h2 style=\"text-align: center;\"><strong>2022<\/strong><\/h2>\n<p>[\/et_pb_text][\/et_pb_column][et_pb_column type=&#8221;1_3&#8243; _builder_version=&#8221;4.19.2&#8243; _module_preset=&#8221;default&#8221; global_colors_info=&#8221;{}&#8221;][et_pb_image src=&#8221;https:\/\/2025.inmedis.ro\/wp-content\/uploads\/2024\/11\/Synthesis23.png&#8221; title_text=&#8221;Synthesis23&#8243; url=&#8221;https:\/\/2023.inmedis.ro\/&#8221; _builder_version=&#8221;4.19.2&#8243; _module_preset=&#8221;default&#8221; width=&#8221;90%&#8221; module_alignment=&#8221;center&#8221; global_colors_info=&#8221;{}&#8221;][\/et_pb_image][et_pb_text _builder_version=&#8221;4.19.2&#8243; _module_preset=&#8221;default&#8221; global_colors_info=&#8221;{}&#8221;]<\/p>\n<h2 style=\"text-align: center;\"><strong><\/strong><\/h2>\n<h2 style=\"text-align: center;\"><strong><\/strong><\/h2>\n<h2 style=\"text-align: center;\"><strong>2023<\/strong><\/h2>\n<p>[\/et_pb_text][\/et_pb_column][et_pb_column type=&#8221;1_3&#8243; _builder_version=&#8221;4.19.2&#8243; _module_preset=&#8221;default&#8221; global_colors_info=&#8221;{}&#8221;][et_pb_image src=&#8221;https:\/\/2025.inmedis.ro\/wp-content\/uploads\/2023\/11\/Synthesis-2024-2.png&#8221; title_text=&#8221;Synthesis 2024 (2)&#8221; url=&#8221;https:\/\/2024.inmedis.ro\/&#8221; _builder_version=&#8221;4.19.2&#8243; _module_preset=&#8221;default&#8221; width=&#8221;90%&#8221; module_alignment=&#8221;center&#8221; global_colors_info=&#8221;{}&#8221;][\/et_pb_image][et_pb_text _builder_version=&#8221;4.19.2&#8243; _module_preset=&#8221;default&#8221; global_colors_info=&#8221;{}&#8221;]<\/p>\n<h2 style=\"text-align: center;\"><strong><\/strong><\/h2>\n<h2 style=\"text-align: center;\"><strong><\/strong><\/h2>\n<h2 style=\"text-align: center;\"><strong>2024<\/strong><\/h2>\n<p>[\/et_pb_text][\/et_pb_column][\/et_pb_row][et_pb_row column_structure=&#8221;1_2,1_2&#8243; disabled_on=&#8221;on|on|on&#8221; _builder_version=&#8221;4.19.2&#8243; _module_preset=&#8221;default&#8221; width=&#8221;100%&#8221; module_alignment=&#8221;center&#8221; custom_margin=&#8221;|||5px|false|false&#8221; custom_margin_tablet=&#8221;|||5px|false|false&#8221; custom_margin_phone=&#8221;|||5px|false|false&#8221; custom_margin_last_edited=&#8221;on|phone&#8221; disabled=&#8221;on&#8221; global_colors_info=&#8221;{}&#8221;][et_pb_column type=&#8221;1_2&#8243; _builder_version=&#8221;4.19.4&#8243; _module_preset=&#8221;default&#8221; global_colors_info=&#8221;{}&#8221;][et_pb_text _builder_version=&#8221;4.19.2&#8243; _module_preset=&#8221;default&#8221; header_3_text_color=&#8221;#FFFFFF&#8221; global_colors_info=&#8221;{}&#8221;]<\/p>\n<h2 style=\"text-align: center;\"><span style=\"color: #22c0d4;\"><strong>Joi, 09 Martie 2023<\/strong><\/span><span style=\"color: #ffd700;\"><\/span><\/h2>\n<p><span style=\"color: #22c0d4;\"><strong><\/strong><\/span><\/p>\n<p><span style=\"color: #22c0d4;\"><strong><\/strong><\/span><\/p>\n<p>[\/et_pb_text][et_pb_toggle title=&#8221;Hotel Ramada-Sala New York &#038; ONLINE&#8221; open=&#8221;on&#8221; open_toggle_text_color=&#8221;#22c0d4&#8243; _builder_version=&#8221;4.19.2&#8243; _module_preset=&#8221;default&#8221; title_text_color=&#8221;#000000&#8243; title_level=&#8221;h4&#8243; title_font=&#8221;|600|||||||&#8221; title_line_height=&#8221;1.4em&#8221; body_text_color=&#8221;#000000&#8243; background_color=&#8221;#eaeaea&#8221; title_font_size_tablet=&#8221;&#8221; title_font_size_phone=&#8221;20px&#8221; title_font_size_last_edited=&#8221;on|phone&#8221; border_width_all=&#8221;0px&#8221; global_colors_info=&#8221;{}&#8221;]<\/p>\n<h4><span style=\"color: #22c0d4; font-size: medium;\"><b>Ziua 1<\/b><\/span><\/h4>\n<p>08.00 &#8211; 08.30 \u00cenregistrare participan<span style=\"color: #000000;\">n.<\/span>i, acces <span style=\"color: #000000;\">t<\/span>n sal\u0103<\/p>\n<p><strong>08.30 &#8211; 09.00<\/strong> <strong>Deschiderea manifest\u0103rii, lansare volum ,,Medicina Intern\u0103\u201d editia \u00a0a II-a 2023<\/strong>.<\/p>\n<p><strong>Invita<span style=\"color: #000000;\">n.<\/span>i:<\/strong><\/p>\n<p><strong>Prof. Dr. Viorel SCRIPCARIU-Rector al Universit\u0103<span style=\"color: #000000;\">n.<\/span>ii de Medicin\u0103 <span style=\"color: #000000;\">E<\/span>i Farmacie &#8222;Grigore T. Popa&#8221; Ia<span style=\"color: #000000;\">E<\/span>County Emergency Clinical Hospital \u201dSt. Spiridon\u201d Ia\u0219i<\/strong><\/p>\n<p><strong>Prof. Dr. Ionela L\u0103cr\u0103mioara <span style=\"color: #000000;\">\u0218<\/span>ERBAN-Decan al Facult\u0103<span style=\"color: #000000;\">n.<\/span>ii de Medicin\u0103 din cadrul UMF &#8222;Grigore T. Popa&#8221; Ia<span style=\"color: #000000;\">E<\/span>County Emergency Clinical Hospital \u201dSt. Spiridon\u201d Ia\u0219i<\/strong><\/p>\n<p><span><\/span><\/p>\n<h6><span style=\"color: #ffd700; font-size: large;\"><strong><\/strong><\/span><\/h6>\n<h4><span style=\"color: #22c0d4; font-size: medium;\"><strong>09.00 \u2013 11.00 <\/strong><strong>MODULE I<\/strong><\/span><\/h4>\n<h4><span style=\"color: #000000;\"><strong>Chairmen:<\/strong> <strong>Prof. Univ. Dr. Lauren\u021biu<\/strong><\/span><\/h4>\n<h4><span style=\"color: #000000;\"><strong>\u0218ORODOC<\/strong><\/span><span style=\"color: #000000;\"><strong>, Prof. Univ. Dr. Antoniu Petri\u0219<\/strong><\/span><\/h4>\n<p><span style=\"color: #ffffff;\"><\/span><\/p>\n<p style=\"text-align: left;\">09.00 &#8211; 09.30 Cardiomiopatia atrial\u0103: detalii fiziopatologice \u2013 <span style=\"color: #000000;\">Prof. Univ. Dr. Radu ILIESCU<\/span><\/p>\n<p style=\"text-align: left;\"><span style=\"color: #000000;\">09.30 &#8211; 10.00 Diagnosticul biomarker \u00een TEV \u2013 Prof. Univ. Dr. Antoniu PETRI\u0218<\/span><\/p>\n<p style=\"text-align: left;\">10.00 &#8211; 10.30 Confirm\u0103ri a\u0219teptate: Empagliflozin \u00een IC &#8211; <span style=\"color: #000000;\">Prof. Univ. Dr. Lauren\u021biu \u0218ORODOC<\/span><\/p>\n<p style=\"text-align: left;\"><span style=\"color: #000000;\">10.30 &#8211; 11.00 Boala ischemic\u0103 coronarian\u0103 \u0219i poliartrita<\/span> reumatoid\u0103 &#8211; <span style=\"color: #000000;\">Professor, MD, PhD <\/span>Ciprian REZU<span style=\"color: #000000;\">\u0218<\/span><\/p>\n<p style=\"text-align: justify;\"><strong style=\"font-size: small;\">11.00 \u2013 11.30 <\/strong><strong style=\"font-size: small;\">PAUZ\u0102\u00a0<\/strong><span style=\"color: #666666;\"><\/span><\/p>\n<p style=\"text-align: left;\">11.30 &#8211; 12.00 Fibrila\u021bie atrial\u0103 \u0219i diabet: solu\u021bii de anticoagulare &#8211; \u0218ef Lucr\u0103ri Dr. Raluca HALIGA, <span style=\"color: #000000;\">Prof. Univ. Dr. Lauren\u021biu \u0218ORODOC<strong style=\"font-size: small;\"><\/strong><\/span><\/p>\n<p><span style=\"color: #000000;\">12.00 &#8211; 12.30 Op\u021biuni farmacologice \u00een obezitate &#8211; Prof. Univ. Dr. Bogdan MIHAI<\/span><\/p>\n<p><span style=\"color: #ffffff;\"><\/span><\/p>\n<p><strong style=\"font-size: small;\">12.30 \u2013 14.00 <\/strong><strong style=\"font-size: small;\">PAUZ\u0102\u00a0<\/strong><span style=\"font-size: large; color: #ffd700;\"><strong><\/strong><\/span><\/p>\n<p><strong style=\"font-size: small;\"><\/strong><\/p>\n<p><strong style=\"font-size: small;\"><\/strong><\/p>\n<h6><span style=\"color: #22c0d4; font-size: medium;\"><strong>14.00 \u2013 17.30 <\/strong><strong>MODULE II<\/strong><\/span><\/h6>\n<h4><span style=\"color: #000000;\"><strong>Chairmen:<\/strong> <strong>Prof. Univ. Dr. C\u0103t\u0103lina LIONTE, Conf. Univ. Dr. Victori\u021ba \u0218ORODOC<\/strong><br \/><\/span><\/h4>\n<p><span style=\"color: #000000;\"><\/span><\/p>\n<p><span style=\"color: #000000;\">14.00 &#8211; 14.30 IC cu FE p\u0103strat\u0103: o continu\u0103 provocare \u2013 Prof. Univ. Dr. C\u0103t\u0103lina LIONTE<\/span><\/p>\n<p><span style=\"color: #000000;\">14.30 &#8211; 15.00 Diagnosticul ecocardiografic al HTP \u2013 Prof. Univ. Dr.\u00a0 Mariana FLORIA<\/span><\/p>\n<p><span style=\"color: #000000;\">15.00 -15.30 Dialoguri despre anticoagularea \u00een fibrila\u021bia atrial\u0103 \u2013 Prof. Univ. Dr.\u00a0 Radu A. SASC\u1fb8U, Conf. Univ. Dr. Victori\u021ba \u0218ORODOC<\/span><\/p>\n<p><span style=\"color: #000000;\">15.30 &#8211; 16.00 O resurs\u0103 incomplet valorificat\u0103: Fe-ul \u00een IC \u2013 Prof. Univ. Dr. Lauren\u021biu \u0218ORODOC<\/span><\/p>\n<h6><span style=\"font-size: small; color: #000000;\"><strong>16.00 \u2013 <\/strong><strong>16.30 <\/strong><strong><\/strong><strong>PAUZ\u0102\u00a0<\/strong><\/span><\/h6>\n<h6><\/h6>\n<p><span style=\"color: #000000;\">16.30 -17.00 Ecopneumografia \u0219i medicina intern\u0103 \u2013 Conf. Univ. Dr.\u00a0 Ovidiu Rusalim PETRI\u0218<\/span><\/p>\n<p><span style=\"color: #000000;\">17.00 &#8211; 17.30 Dieta mediteraneean\u0103 previne obezitatea ? Prof. Univ. Dr. Irina COSTACHE<\/span><span style=\"font-size: large; color: #ffffff;\"><strong><\/strong><\/span><\/p>\n<p><span style=\"font-size: large; color: #ffffff;\"><strong><\/strong><\/span><\/p>\n<p>[\/et_pb_toggle][\/et_pb_column][et_pb_column type=&#8221;1_2&#8243; _builder_version=&#8221;4.19.4&#8243; _module_preset=&#8221;default&#8221; global_colors_info=&#8221;{}&#8221;][et_pb_text _builder_version=&#8221;4.19.2&#8243; _module_preset=&#8221;default&#8221; header_3_text_color=&#8221;#FFFFFF&#8221; global_colors_info=&#8221;{}&#8221;]<\/p>\n<h2 style=\"text-align: center;\"><span style=\"color: #22c0d4;\"><strong>Vineri, 10 Martie 2023<\/strong><\/span><span style=\"color: #ffd700;\"><\/span><span style=\"color: #22c0d4;\"><strong><\/strong><\/span><\/h2>\n<p><span style=\"color: #22c0d4;\"><strong><\/strong><\/span><\/p>\n<p><span style=\"color: #22c0d4;\"><strong><\/strong><\/span><\/p>\n<p>[\/et_pb_text][et_pb_toggle title=&#8221;Hotel Ramada-Sala New York &#038; ONLINE&#8221; open=&#8221;on&#8221; open_toggle_text_color=&#8221;#22c0d4&#8243; _builder_version=&#8221;4.19.2&#8243; _module_preset=&#8221;default&#8221; title_text_color=&#8221;#000000&#8243; title_level=&#8221;h4&#8243; title_font=&#8221;|600|||||||&#8221; title_line_height=&#8221;1.4em&#8221; body_text_color=&#8221;#000000&#8243; background_color=&#8221;#eaeaea&#8221; title_font_size_tablet=&#8221;&#8221; title_font_size_phone=&#8221;20px&#8221; title_font_size_last_edited=&#8221;on|phone&#8221; border_width_all=&#8221;0px&#8221; global_colors_info=&#8221;{}&#8221;]<\/p>\n<h4><span style=\"color: #22c0d4; font-size: medium;\"><b>Ziua 2<\/b><\/span><\/h4>\n<p><span>08.30 &#8211; 09.00 \u00cenregistrare participan<span style=\"color: #000000;\">n.<\/span>i, acces <span style=\"color: #000000;\">t<\/span>n sal\u0103, primire lectori invita<span style=\"color: #000000;\">n.<\/span>County Emergency Clinical Hospital \u201dSt. Spiridon\u201d Ia\u0219i<\/span><\/p>\n<p><span><\/span><\/p>\n<h6><span style=\"color: #ffd700; font-size: large;\"><strong><\/strong><\/span><\/h6>\n<h4><span style=\"color: #22c0d4; font-size: medium;\"><strong>09.00 \u2013 11.00 <\/strong><strong>MODULE I<\/strong><\/span><\/h4>\n<h4><span style=\"color: #000000;\"><strong>Chairmen:<\/strong> <strong>Prof. Univ. Dr. Cristian ST\u1fb8TESCU, Prof. Univ. Dr. Radu A. SASC\u1fb8U<\/strong><\/span><\/h4>\n<p><span style=\"font-size: 14px;\"><\/span><\/p>\n<p><span style=\"font-size: 14px;\">09.00 &#8211; 09.30 Enigmele miocarditelor \u2013 <\/span><span style=\"color: #000000;\">Conf. Univ. Dr. Victori\u021ba \u0218ORODOC<\/span><span style=\"color: #ffffff;\"><\/span><\/p>\n<p><span style=\"color: #000000;\">09.30 &#8211; 10.00 Variabilitatea HTA \u2013 Prof. Univ. Dr. Elisabeta B\u1fb8DIL\u1fb8<\/span><\/p>\n<p style=\"text-align: left;\">10.00 &#8211; 10.30 C\u00e2nd statinele devin insuficiente &#8211; <span style=\"color: #000000;\">Prof. Univ. Dr. Lauren\u021biu \u0218ORODOC<\/span><\/p>\n<p style=\"text-align: left;\"><span style=\"color: #000000;\">10.30 &#8211; 11.00 Electrocardiograma de suprafa\u021b\u0103 \u00een tahiaritmiile atriale<\/span>\u00a0&#8211; <span style=\"color: #000000;\">Professor, MD, PhD <\/span><span style=\"color: #000000;\">Cristian ST\u1fb8TESCU<\/span><\/p>\n<p style=\"text-align: justify;\"><strong style=\"font-size: small;\">11.00 \u2013 11.30 <\/strong><strong style=\"font-size: small;\">PAUZ\u0102\u00a0<\/strong><span style=\"color: #666666;\"><\/span><\/p>\n<p style=\"text-align: left;\">11.30 &#8211; 12.00 Ecografia maselor intracardiace &#8211; <span style=\"color: #000000;\">Prof. Univ. Dr. Radu A. SASC\u1fb8U<strong style=\"font-size: small;\"><\/strong><\/span><\/p>\n<p><span style=\"color: #000000;\">12.00 &#8211; 12.30 Dialoguri despre anticoagularea \u00een TEV-Prof. Univ. Dr. Lauren\u021biu \u0218ORODOC, Prof. Univ. Dr. Cristian ST\u1fb8TESCU<\/span><\/p>\n<p><span style=\"color: #ffffff;\"><\/span><\/p>\n<p><strong style=\"font-size: small;\">12.30 \u2013 14.30 <\/strong><strong style=\"font-size: small;\">PAUZ\u0102\u00a0<\/strong><span style=\"font-size: large; color: #ffd700;\"><strong><\/strong><\/span><\/p>\n<p><strong style=\"font-size: small;\"><\/strong><\/p>\n<p><strong style=\"font-size: small;\"><\/strong><\/p>\n<h6><span style=\"color: #22c0d4; font-size: medium;\"><strong>14.30 \u2013 18.00 <\/strong><strong>MODULE II<\/strong><\/span><\/h6>\n<h4><span style=\"color: #000000;\"><strong>Chairmen:<\/strong> <strong>Prof. Univ. Dr. Lauren\u021biu \u0218ORODOC, Prof. Univ. Dr. Konstantinos TSIOUFIS<\/strong><br \/><\/span><\/h4>\n<p><span style=\"color: #000000;\"><\/span><\/p>\n<p><span style=\"color: #000000;\">14.30 &#8211; 15.00 ESC guidelines on Cardiovascular protection and management around any non-cardiac intervention \u2013 Prof. Univ. Dr.\u00a0 Victor ABOYANS<\/span><\/p>\n<p><span style=\"color: #000000;\">15.00 &#8211; 15.30 Innovative approaches to treat high risk patients with dyslipidemia and CKD \u2013 Prof. Univ. Dr. Maciej BANACH<\/span><\/p>\n<p><span style=\"color: #000000;\">15.30 -16.00 What Do We Know About Long Covid ? Dr. Tudor TOMA<\/span><\/p>\n<p><strong style=\"font-size: small;\">16.00 \u2013 16.30 <\/strong><strong style=\"font-size: small;\">PAUZ\u0102<\/strong><span style=\"color: #000000;\"><\/span><\/p>\n<p><span style=\"color: #000000;\">16.30 &#8211; 17.00 Hypertensive patient with CCS: how to optimize therapy \u2013 Prof. Univ. Dr. Konstantinos TSIOUFIS<\/span><\/p>\n<h6><\/h6>\n<p><span style=\"color: #000000;\">17.00 -17.30 <\/span><span style=\"color: black;\">Coronary microcirculation in hypertension: Looking into the &#8221;details&#8221;\u00a0 \u2013 Dr. Kyriakos DIMITRIADIS<\/span><o:p><\/o:p><\/p>\n<p><span style=\"color: #000000;\">17.30 &#8211; 18.00 Decernarea Premiului ,,Dr. Gabriela Dumitrescu\u201d<\/span><\/p>\n<p><span style=\"font-size: large; color: #ffffff;\"><strong><\/strong><\/span><\/p>\n<p>[\/et_pb_toggle][\/et_pb_column][\/et_pb_row][\/et_pb_section][et_pb_section fb_built=&#8221;1&#8243; disabled_on=&#8221;off|off|off&#8221; _builder_version=&#8221;4.19.2&#8243; background_color=&#8221;#2b2b2b&#8221; custom_margin=&#8221;||0px||false|false&#8221; custom_padding=&#8221;10px||0px||false|false&#8221; saved_tabs=&#8221;all&#8221; global_colors_info=&#8221;{}&#8221; theme_builder_area=&#8221;post_content&#8221;][et_pb_row _builder_version=&#8221;4.16&#8243; _module_preset=&#8221;default&#8221; custom_padding=&#8221;0px||0px||false|false&#8221; global_colors_info=&#8221;{}&#8221; theme_builder_area=&#8221;post_content&#8221;][et_pb_column type=&#8221;4_4&#8243; _builder_version=&#8221;4.16&#8243; _module_preset=&#8221;default&#8221; global_colors_info=&#8221;{}&#8221; theme_builder_area=&#8221;post_content&#8221;][et_pb_text _builder_version=&#8221;4.16&#8243; _module_preset=&#8221;default&#8221; custom_margin=&#8221;||0px||false|false&#8221; global_colors_info=&#8221;{}&#8221; theme_builder_area=&#8221;post_content&#8221;]<\/p>\n<p style=\"text-align: center;\"><span style=\"color: #ffffff;\"><strong>PROFESSIONAL CONGRESS ORGANIZER<\/strong><\/span><\/p>\n<p>[\/et_pb_text][et_pb_image src=&#8221;https:\/\/2025.inmedis.ro\/wp-content\/uploads\/2022\/12\/ZSCR-2023-telefon-1-e1668249163180.png&#8221; title_text=&#8221;ZSCR 2023 telefon (1)&#8221; align=&#8221;center&#8221; _builder_version=&#8221;4.16&#8243; _module_preset=&#8221;default&#8221; custom_margin=&#8221;0px||||false|false&#8221; global_colors_info=&#8221;{}&#8221; theme_builder_area=&#8221;post_content&#8221;][\/et_pb_image][\/et_pb_column][\/et_pb_row][et_pb_row column_structure=&#8221;1_4,1_4,1_4,1_4&#8243; _builder_version=&#8221;4.19.2&#8243; _module_preset=&#8221;default&#8221; global_colors_info=&#8221;{}&#8221; theme_builder_area=&#8221;post_content&#8221;][et_pb_column type=&#8221;1_4&#8243; _builder_version=&#8221;4.16&#8243; _module_preset=&#8221;default&#8221; global_colors_info=&#8221;{}&#8221; theme_builder_area=&#8221;post_content&#8221;][et_pb_text _builder_version=&#8221;4.19.2&#8243; _module_preset=&#8221;default&#8221; global_colors_info=&#8221;{}&#8221; theme_builder_area=&#8221;post_content&#8221;]<\/p>\n<p style=\"text-align: center;\"><span style=\"text-decoration: underline;\"><span style=\"color: #ffffff;\"><a href=\"https:\/\/focusevent.ro\/contact\/\" style=\"color: #ffffff; text-decoration: underline;\">\u00a0Contact\u00a0<\/a><\/span><\/span><\/p>\n<p>[\/et_pb_text][\/et_pb_column][et_pb_column type=&#8221;1_4&#8243; _builder_version=&#8221;4.16&#8243; _module_preset=&#8221;default&#8221; global_colors_info=&#8221;{}&#8221; theme_builder_area=&#8221;post_content&#8221;][et_pb_text _builder_version=&#8221;4.19.2&#8243; _module_preset=&#8221;default&#8221; global_colors_info=&#8221;{}&#8221; theme_builder_area=&#8221;post_content&#8221;]<\/p>\n<p style=\"text-align: center;\"><a href=\"https:\/\/2025.inmedis.ro\/en\/termeni-si-conditii\/\"><span style=\"color: #ffffff;\"><u>General Terms<\/u><\/span><\/a><\/p>\n<p>[\/et_pb_text][\/et_pb_column][et_pb_column type=&#8221;1_4&#8243; _builder_version=&#8221;4.16&#8243; _module_preset=&#8221;default&#8221; global_colors_info=&#8221;{}&#8221; theme_builder_area=&#8221;post_content&#8221;][et_pb_text _builder_version=&#8221;4.19.2&#8243; _module_preset=&#8221;default&#8221; global_colors_info=&#8221;{}&#8221; theme_builder_area=&#8221;post_content&#8221;]<\/p>\n<p style=\"text-align: center;\"><a href=\"https:\/\/2025.inmedis.ro\/en\/confidentialitate\/\"><span style=\"color: #ffffff;\"><u>Data Confidentiality<\/u><\/span><\/a><\/p>\n<p>[\/et_pb_text][\/et_pb_column][et_pb_column type=&#8221;1_4&#8243; _builder_version=&#8221;4.16&#8243; _module_preset=&#8221;default&#8221; global_colors_info=&#8221;{}&#8221; theme_builder_area=&#8221;post_content&#8221;][et_pb_text _builder_version=&#8221;4.19.2&#8243; _module_preset=&#8221;default&#8221; global_colors_info=&#8221;{}&#8221; theme_builder_area=&#8221;post_content&#8221;]<\/p>\n<p style=\"text-align: center;\"><span style=\"text-decoration: underline;\"><span style=\"color: #ffffff;\"><a href=\"https:\/\/2025.inmedis.ro\/en\/editii-anterioare\/\" style=\"color: #ffffff; text-decoration: underline;\">Previous Editions<\/a><\/span><\/span><\/p>\n<p>[\/et_pb_text][\/et_pb_column][\/et_pb_row][\/et_pb_section]<\/p>","protected":false},"excerpt":{"rendered":"<p>EDI\u021aII ANTERIOARE 2022 2023 2024Joi, 09 Martie 2023 Ziua 1 08.00 &#8211; 08.30 \u00cenregistrare participan\u021bi, acces \u00een sal\u0103 08.30 &#8211; 09.00 Deschiderea manifest\u0103rii, lansare volum ,,Medicina Intern\u0103\u201d editia \u00a0a II-a 2023. Invita\u021bi: Prof. Dr. Viorel SCRIPCARIU-Rector al Universit\u0103\u021bii de Medicin\u0103 \u0219i Farmacie &#8222;Grigore T. Popa&#8221; Ia\u0219i Prof. Dr. Ionela L\u0103cr\u0103mioara \u0218ERBAN-Decan al Facult\u0103\u021bii de Medicin\u0103 [&hellip;]<\/p>","protected":false},"author":1,"featured_media":0,"parent":0,"menu_order":0,"comment_status":"closed","ping_status":"closed","template":"","meta":{"_et_pb_use_builder":"on","_et_pb_old_content":"","_et_gb_content_width":""},"_links":{"self":[{"href":"https:\/\/2025.inmedis.ro\/en\/wp-json\/wp\/v2\/pages\/27347"}],"collection":[{"href":"https:\/\/2025.inmedis.ro\/en\/wp-json\/wp\/v2\/pages"}],"about":[{"href":"https:\/\/2025.inmedis.ro\/en\/wp-json\/wp\/v2\/types\/page"}],"author":[{"embeddable":true,"href":"https:\/\/2025.inmedis.ro\/en\/wp-json\/wp\/v2\/users\/1"}],"replies":[{"embeddable":true,"href":"https:\/\/2025.inmedis.ro\/en\/wp-json\/wp\/v2\/comments?post=27347"}],"version-history":[{"count":6,"href":"https:\/\/2025.inmedis.ro\/en\/wp-json\/wp\/v2\/pages\/27347\/revisions"}],"predecessor-version":[{"id":27401,"href":"https:\/\/2025.inmedis.ro\/en\/wp-json\/wp\/v2\/pages\/27347\/revisions\/27401"}],"wp:attachment":[{"href":"https:\/\/2025.inmedis.ro\/en\/wp-json\/wp\/v2\/media?parent=27347"}],"curies":[{"name":"wp","href":"https:\/\/api.w.org\/{rel}","templated":true}]}}