{"id":23878,"date":"2020-12-20T18:38:58","date_gmt":"2020-12-20T18:38:58","guid":{"rendered":"https:\/\/2025.inmedis.ro\/?page_id=23878"},"modified":"2025-02-22T10:09:27","modified_gmt":"2025-02-22T08:09:27","slug":"termeni-si-conditii","status":"publish","type":"page","link":"https:\/\/2025.inmedis.ro\/en\/termeni-si-conditii\/","title":{"rendered":"Terms and conditions"},"content":{"rendered":"<p>[et_pb_section fb_built=&#8221;1&#8243; fullwidth=&#8221;on&#8221; disabled_on=&#8221;off|off|off&#8221; _builder_version=&#8221;4.19.2&#8243; custom_margin=&#8221;0px||0px|&#8221; custom_padding=&#8221;0px||0px|&#8221; global_colors_info=&#8221;{}&#8221;][et_pb_fullwidth_header title=&#8221;Termeni \u0219i Condi\u021bii&#8221; _builder_version=&#8221;4.19.2&#8243; title_text_color=&#8221;#FFFFFF&#8221; title_font_size=&#8221;35px&#8221; background_color=&#8221;#120052&#8243; background_layout=&#8221;light&#8221; custom_margin=&#8221;0px||0px|&#8221; custom_padding=&#8221;18px||18px|&#8221; custom_padding_tablet=&#8221;&#8221; custom_padding_phone=&#8221;0px||0px|&#8221; custom_padding_last_edited=&#8221;on|desktop&#8221; title_font_size_tablet=&#8221;&#8221; title_font_size_phone=&#8221;35px&#8221; title_font_size_last_edited=&#8221;on|phone&#8221; saved_tabs=&#8221;all&#8221; global_colors_info=&#8221;{}&#8221; button_one_text_size__hover_enabled=&#8221;off&#8221; button_two_text_size__hover_enabled=&#8221;off&#8221; button_one_text_color__hover_enabled=&#8221;off&#8221; button_two_text_color__hover_enabled=&#8221;off&#8221; button_one_border_width__hover_enabled=&#8221;off&#8221; button_two_border_width__hover_enabled=&#8221;off&#8221; button_one_border_color__hover_enabled=&#8221;off&#8221; button_two_border_color__hover_enabled=&#8221;off&#8221; button_one_border_radius__hover_enabled=&#8221;off&#8221; button_two_border_radius__hover_enabled=&#8221;off&#8221; button_one_letter_spacing__hover_enabled=&#8221;off&#8221; button_two_letter_spacing__hover_enabled=&#8221;off&#8221; button_one_bg_color__hover_enabled=&#8221;off&#8221; button_two_bg_color__hover_enabled=&#8221;off&#8221;][\/et_pb_fullwidth_header][\/et_pb_section][et_pb_section fb_built=&#8221;1&#8243; _builder_version=&#8221;4.19.4&#8243; background_enable_color=&#8221;off&#8221; custom_margin=&#8221;40px||||false|false&#8221; custom_padding=&#8221;0px|2px||||&#8221; global_colors_info=&#8221;{}&#8221;][et_pb_row custom_padding_last_edited=&#8221;on|desktop&#8221; _builder_version=&#8221;4.19.4&#8243; width=&#8221;90%&#8221; custom_margin=&#8221;0px||10px|&#8221; custom_margin_tablet=&#8221;&#8221; custom_margin_phone=&#8221;0px||5px|&#8221; custom_margin_last_edited=&#8221;on|desktop&#8221; custom_padding=&#8221;15px|0px|10px|0px|false|false&#8221; custom_padding_tablet=&#8221;&#8221; custom_padding_phone=&#8221;0px||5px|&#8221; global_colors_info=&#8221;{}&#8221;][et_pb_column type=&#8221;4_4&#8243; _builder_version=&#8221;4.16&#8243; custom_padding=&#8221;|||&#8221; global_colors_info=&#8221;{}&#8221; custom_padding__hover=&#8221;|||&#8221;][et_pb_text _builder_version=&#8221;4.19.2&#8243; text_font=&#8221;Arial||||||||&#8221; text_font_size=&#8221;16px&#8221; text_line_height=&#8221;1.5em&#8221; header_4_font=&#8221;Arial||||||||&#8221; background_color=&#8221;rgba(247,247,247,0.59)&#8221; module_alignment=&#8221;center&#8221; custom_margin=&#8221;0px|||&#8221; custom_padding=&#8221;0px|0px|0px|0px|false|false&#8221; text_line_height_tablet=&#8221;&#8221; text_line_height_phone=&#8221;1.3em&#8221; text_line_height_last_edited=&#8221;on|desktop&#8221; border_radii=&#8221;on|5px|5px|5px|5px&#8221; border_width_all=&#8221;1px&#8221; border_color_all=&#8221;#e2e2e2&#8243; global_colors_info=&#8221;{}&#8221;]<\/p>\n<section class=\"vc_custom_1594387915180 position-relative padding-thirteen-top\">\n<div class=\"container\">\n<div class=\"row\">\n<div class=\"wpb_column hcode-column-container vc_custom_1594214695242 text-center sm-text-center xs-text-center vc_col-sm-12 col-xs-mobile-fullwidth\">\n<div class=\"vc-column-innner-wrapper\">\n<div class=\"no-padding-top\">\n<h2 style=\"text-align: left;\"><span style=\"color: rgba(0, 0, 0, 0.69);\"><strong style=\"font-size: 18px; font-family: Arial, Helvetica, Arial, Lucida, sans-serif;\">Registration and Payment<\/strong><\/span><\/h2>\n<p><span style=\"color: rgba(0, 0, 0, 0.69);\"><strong style=\"font-size: 18px; font-family: Arial, Helvetica, Arial, Lucida, sans-serif;\"><\/strong><\/span><\/p>\n<p style=\"text-align: justify;\"><span style=\"color: rgba(0, 0, 0, 0.69); font-size: 16px; text-align: justify; font-family: Arial, Helvetica, Arial, Lucida, sans-serif;\">Registration forms a contract between the event participant and the Organizers regarding participation in <strong>SYNTHESIS 2025 \u2013 <span class=\"OYPEnA font-feature-liga-off font-feature-clig-off font-feature-calt-off text-decoration-none text-strikethrough-none\">National Conference of Internal Medicine<\/span><span class=\"OYPEnA font-feature-liga-off font-feature-clig-off font-feature-calt-off text-decoration-none text-strikethrough-none white-space-prewrap\"> <\/span> <\/strong>(<strong>the event<\/strong>). This contract is based on the following General Terms and Conditions<\/span><\/p>\n<p style=\"text-align: justify;\"><span style=\"color: rgba(0, 0, 0, 0.69);\"><\/span><\/p>\n<p style=\"text-align: justify;\"><span style=\"color: rgba(0, 0, 0, 0.69);\">Registration for the event must be done electronically, using the respective registration form provided on the website <strong><a style=\"color: rgba(0, 0, 0, 0.69);\" href=\"https:\/\/focusevent.ro\/\">www.<\/a><a href=\"https:\/\/focusevent.ro\/\" style=\"color: rgba(0, 0, 0, 0.69);\">focusevent.ro<\/a>.<\/strong>\u00a0Payment of the participation fee is made online with a bank card. Registrations without complete participant details cannot be processed.<\/span><\/p>\n<p><span style=\"color: rgba(0, 0, 0, 0.69);\">Upon registration, the participant will receive a registration confirmation email. If the contact data entered are not correct, and the confirmation e-mails are not received, it is the responsibility of the person who registered to check and report the inconsistencies, to request confirmation of the registration. Event registration is not transferable.<\/span><\/p>\n<p><span style=\"color: rgba(0, 0, 0, 0.69);\">The participation fees paid for one or another of the components of the Event (conferences, courses, workshops, seminars, etc.) do not guarantee a certain length of time (in days or hours during a day), but access to the scientific content of the respective component. Also, the method of conducting, in whole or in part, the Event is the one communicated by the organizers through the final program, and the organizers cannot be held responsible for any arrangements made by the participants of the Event that do not take into account the final program of the Event.<\/span><\/p>\n<p><span style=\"color: rgba(0, 0, 0, 0.69);\">\u00a0<\/span><\/p>\n<h4><span style=\"color: rgba(0, 0, 0, 0.69);\"><strong>Participation and\u00a0<\/strong><strong>E<\/strong><strong>MC -<\/strong><strong>Accreditation<\/strong><\/span><\/h4>\n<h4><\/h4>\n<p style=\"text-align: justify;\"><span style=\"color: rgba(0, 0, 0, 0.69);\">Participation in the Event in the format decided by the Organizers is a condition for obtaining the participation\/graduation certificate. Participation\/graduation certificates carry professional credits if the participants meet the conditions of the event regulations and if the Organizers have communicated the fact that the respective event will be accredited to the respective professional organization. The members of the professional categories for which the Organizers do not communicate and do not undertake the accreditation of the event to the related professional body, but for which access to the event is allowed based on the regulation, have the duty to carry out all the necessary procedures and to assume all the costs involved in equating the certificates and obtaining the related credits from the professional body to which they belong, if they wish to do so.\u00a0\u00a0<\/span><\/p>\n<p><span style=\"color: rgba(0, 0, 0, 0.69);\"><\/span><\/p>\n<h4><span style=\"color: rgba(0, 0, 0, 0.69);\"><strong><\/strong><\/span><\/h4>\n<h4><span style=\"color: rgba(0, 0, 0, 0.69);\"><strong><\/strong><\/span><\/h4>\n<h4><span style=\"color: rgba(0, 0, 0, 0.69);\"><strong>Changes to the program and \/ or format and conditions of the event<\/strong><\/span><\/h4>\n<p><span style=\"color: rgba(0, 0, 0, 0.69);\"><strong><\/strong><\/span><\/p>\n<p style=\"text-align: justify;\"><span style=\"color: rgba(0, 0, 0, 0.69);\">The organizers and\/or the Scientific Committee of the event reserve the right to make the necessary changes to the program in the short term. Entry fees, if any, will not be refunded in whole or in part due to canceled presentations or program changes. Also, the Scientific Committee reserves the right to make changes to the format and conditions of the event as needed without this allowing refunds of participation fees (if applicable). All changes that must be made known to the participants will be posted on the event website, <a style=\"color: rgba(0, 0, 0, 0.69);\" href=\"http:\/\/www.recuperareiasi.ro\">2025.inmedis.ro<\/a>, in due time.<\/span><\/p>\n<p><span style=\"color: rgba(0, 0, 0, 0.69);\">\u00a0<\/span><\/p>\n<h4><span style=\"color: rgba(0, 0, 0, 0.69);\"><strong>Event format<\/strong><\/span><\/h4>\n<p><span style=\"color: rgba(0, 0, 0, 0.69);\">\u00a0<\/span><\/p>\n<p><span style=\"color: rgba(0, 0, 0, 0.69);\">The event can take place in onsite, online or hybrid format. Places with physical participation are limited, and their occupancy during the event is based on the \"first come, first served\" principle. No booking of seats with physical participation is possible. It is also possible that certain sections of the program are only with physical participation, others only with online participation. Not all program sections are dedicated to all professional categories invited to the event. Participants are invited to follow the displayed scientific program and customize their experience according to the final program of the event. However, last minute changes cannot be ruled out.<\/span><\/p>\n<p><span style=\"color: rgba(0, 0, 0, 0.69); font-size: 16px;\">\u00a0<\/span><\/p>\n<h4><span style=\"color: rgba(0, 0, 0, 0.69);\"><strong>Cancellation of participation<\/strong><\/span><\/h4>\n<p><span style=\"color: rgba(0, 0, 0, 0.69);\"><strong><\/strong><\/span><\/p>\n<div>\n<p><span style=\"color: rgba(0, 0, 0, 0.69);\"><strong>Cancel Registration<\/strong><\/span><br \/><span style=\"color: rgba(0, 0, 0, 0.69);\">Any cancellation or change to your registration must be notified in writing and will be subject to the following conditions:<\/span><\/p>\n<p><span style=\"color: rgba(0, 0, 0, 0.69);\">Until the 5th of February: fee refund minus 30% administration fee.<\/span><br \/><span style=\"color: rgba(0, 0, 0, 0.69);\">After the 5th of February there is no possible refund option.<\/span><\/p>\n<p><span style=\"color: rgba(0, 0, 0, 0.69);\"><strong>Name changing<\/strong><\/span><br \/><span style=\"color: rgba(0, 0, 0, 0.69);\">There is no possible name changing options. You will have to register and pay again.<\/span><\/p>\n<\/div>\n<p><span style=\"color: rgba(0, 0, 0, 0.69);\">\u00a0<\/span><\/p>\n<h4><span style=\"color: rgba(0, 0, 0, 0.69);\"><strong>Force majeure<\/strong><\/span><\/h4>\n<p style=\"text-align: justify;\"><span style=\"color: rgba(0, 0, 0, 0.69);\">For reasons beyond its control (such as war, strikes, blockades, riots or any such civil disturbances, any acts of God, including but not limited to earthquakes, floods, droughts and epidemics and any other circumstance of any cause is beyond its control) that have an impact on the arrangements, times or planning of the event and the corresponding activities, the Scientific and Organizing Committees have the right to immediately modify or cancel the activities or events or any among the arrangements, calendar, plans or other direct or indirect elements related to the congress.<\/span><\/p>\n<p style=\"text-align: justify;\"><span style=\"color: rgba(0, 0, 0, 0.69);\">Neither party is entitled to any compensation for damages resulting from this amendment or cancellation.<\/span><\/p>\n<\/div>\n<\/div>\n<\/div>\n<\/div>\n<\/div>\n<\/section>\n<p>[\/et_pb_text][\/et_pb_column][\/et_pb_row][\/et_pb_section]<\/p>","protected":false},"excerpt":{"rendered":"<p>\u00cenregistrare si Plat\u0103 \u00cenregistrarea formeaz\u0103 un contract \u00eentre participantul la manifestare \u0219i Organizatori cu privire la participarea la SYNTHESIS 2025 \u2013 Conferin\u021ba Na\u021bional\u0103 de Medicin\u0103 Intern\u0103 (Evenimentul). Acest contract se bazeaz\u0103 pe urm\u0103torii Termeni \u0219i Condi\u021bii generale. \u00cenregistrarea la eveniment trebuie f\u0103cut\u0103 electronic, utiliz\u00e2nd formularul de \u00eenregistrare respectiv furnizat pe site-ul www.focusevent.ro.\u00a0Plata taxei de participare [&hellip;]<\/p>","protected":false},"author":1,"featured_media":0,"parent":0,"menu_order":0,"comment_status":"closed","ping_status":"closed","template":"","meta":{"_et_pb_use_builder":"on","_et_pb_old_content":"","_et_gb_content_width":""},"_links":{"self":[{"href":"https:\/\/2025.inmedis.ro\/en\/wp-json\/wp\/v2\/pages\/23878"}],"collection":[{"href":"https:\/\/2025.inmedis.ro\/en\/wp-json\/wp\/v2\/pages"}],"about":[{"href":"https:\/\/2025.inmedis.ro\/en\/wp-json\/wp\/v2\/types\/page"}],"author":[{"embeddable":true,"href":"https:\/\/2025.inmedis.ro\/en\/wp-json\/wp\/v2\/users\/1"}],"replies":[{"embeddable":true,"href":"https:\/\/2025.inmedis.ro\/en\/wp-json\/wp\/v2\/comments?post=23878"}],"version-history":[{"count":34,"href":"https:\/\/2025.inmedis.ro\/en\/wp-json\/wp\/v2\/pages\/23878\/revisions"}],"predecessor-version":[{"id":28021,"href":"https:\/\/2025.inmedis.ro\/en\/wp-json\/wp\/v2\/pages\/23878\/revisions\/28021"}],"wp:attachment":[{"href":"https:\/\/2025.inmedis.ro\/en\/wp-json\/wp\/v2\/media?parent=23878"}],"curies":[{"name":"wp","href":"https:\/\/api.w.org\/{rel}","templated":true}]}}